{"id":95,"date":"2021-08-06T22:42:06","date_gmt":"2021-08-06T22:42:06","guid":{"rendered":"https:\/\/biurounico.pl\/?page_id=95"},"modified":"2022-09-14T15:36:01","modified_gmt":"2022-09-14T15:36:01","slug":"pliki-do-pobrania","status":"publish","type":"page","link":"https:\/\/www.biurounico.pl\/index.php\/pliki-do-pobrania\/","title":{"rendered":"Pliki do pobrania"},"content":{"rendered":"<p style=\"text-align: left;\"><a href=\"https:\/\/www.biurounico.pl\/wp-content\/uploads\/2021\/08\/Czynny-zal-zawiadomienie-o-popelnieniu-czynu-zabronionego-wzor.doc\">Czynny \u017cal &#8211; zawiadomienie o pope\u0142nieniu czynu zabronionego &#8211; wz\u00f3r<\/a><\/p>\n<p><a href=\"https:\/\/www.biurounico.pl\/wp-content\/uploads\/2022\/09\/pismo-do-US-o-wyrazenie-zgody-na-obliczanie-marzy-lacznej-wzor.docx\">pismo do US o wyra\u017cenie zgody na obliczanie mar\u017cy \u0142\u0105cznej wz\u00f3r<\/a><\/p>\n<p><a href=\"https:\/\/www.biurounico.pl\/wp-content\/uploads\/2022\/09\/czynny-zal-do-umowy-darowizny-i-formularza-SD-3-wzor.docx\">czynny \u017cal do umowy darowizny i formularza SD-3 wz\u00f3r<\/a><\/p>\n<p><a href=\"https:\/\/www.biurounico.pl\/wp-content\/uploads\/2022\/09\/wzor-czynny-zal-do-deklaracji-na-podatek-od-nieruchomosci.docx\">wz\u00f3r czynny \u017cal do deklaracji na podatek od nieruchomo\u015bci<\/a><\/p>\n<p>&nbsp;<\/p>\n","protected":false},"excerpt":{"rendered":"<p>Czynny \u017cal &#8211; zawiadomienie o pope\u0142nieniu czynu zabronionego &#8211; wz\u00f3r pismo do US o wyra\u017cenie zgody na obliczanie mar\u017cy \u0142\u0105cznej wz\u00f3r czynny \u017cal do umowy darowizny i formularza SD-3 wz\u00f3r &#8230;<\/p>\n","protected":false},"author":1,"featured_media":0,"parent":0,"menu_order":0,"comment_status":"closed","ping_status":"closed","template":"template-left-sidebar.php","meta":{"footnotes":""},"class_list":["post-95","page","type-page","status-publish","hentry"],"_links":{"self":[{"href":"https:\/\/www.biurounico.pl\/index.php\/wp-json\/wp\/v2\/pages\/95","targetHints":{"allow":["GET"]}}],"collection":[{"href":"https:\/\/www.biurounico.pl\/index.php\/wp-json\/wp\/v2\/pages"}],"about":[{"href":"https:\/\/www.biurounico.pl\/index.php\/wp-json\/wp\/v2\/types\/page"}],"author":[{"embeddable":true,"href":"https:\/\/www.biurounico.pl\/index.php\/wp-json\/wp\/v2\/users\/1"}],"replies":[{"embeddable":true,"href":"https:\/\/www.biurounico.pl\/index.php\/wp-json\/wp\/v2\/comments?post=95"}],"version-history":[{"count":7,"href":"https:\/\/www.biurounico.pl\/index.php\/wp-json\/wp\/v2\/pages\/95\/revisions"}],"predecessor-version":[{"id":200,"href":"https:\/\/www.biurounico.pl\/index.php\/wp-json\/wp\/v2\/pages\/95\/revisions\/200"}],"wp:attachment":[{"href":"https:\/\/www.biurounico.pl\/index.php\/wp-json\/wp\/v2\/media?parent=95"}],"curies":[{"name":"wp","href":"https:\/\/api.w.org\/{rel}","templated":true}]}}