{"id":74,"date":"2021-08-06T22:19:20","date_gmt":"2021-08-06T22:19:20","guid":{"rendered":"https:\/\/biurounico.pl\/?page_id=74"},"modified":"2021-08-07T19:17:46","modified_gmt":"2021-08-07T19:17:46","slug":"uslugi","status":"publish","type":"page","link":"https:\/\/www.biurounico.pl\/index.php\/uslugi\/","title":{"rendered":"Us\u0142ugi"},"content":{"rendered":"<h4 style=\"text-align: left;\"><span style=\"color: #33cccc;\"><a style=\"color: #33cccc;\" href=\"https:\/\/www.biurounico.pl\/index.php\/ksiegowosc\/\">Ksi\u0119gowo\u015b\u0107<\/a><\/span><\/h4>\n<h4 style=\"text-align: left;\"><span style=\"color: #33cccc;\"><a style=\"color: #33cccc;\" href=\"https:\/\/www.biurounico.pl\/index.php\/place\/\">P\u0142ace<\/a><\/span><\/h4>\n<h4 style=\"text-align: left;\"><span style=\"color: #33cccc;\"><a style=\"color: #33cccc;\" href=\"https:\/\/www.biurounico.pl\/index.php\/administracja\/\">Administracja<\/a><\/span><\/h4>\n<h4 style=\"text-align: left;\"><span style=\"color: #33cccc;\"><a style=\"color: #33cccc;\" href=\"https:\/\/www.biurounico.pl\/index.php\/pozostale\/\">Pozosta\u0142e<\/a><\/span><\/h4>\n<h4><\/h4>\n","protected":false},"excerpt":{"rendered":"<p>Ksi\u0119gowo\u015b\u0107 P\u0142ace Administracja Pozosta\u0142e<\/p>\n","protected":false},"author":1,"featured_media":0,"parent":0,"menu_order":0,"comment_status":"closed","ping_status":"closed","template":"","meta":{"footnotes":""},"class_list":["post-74","page","type-page","status-publish","hentry"],"_links":{"self":[{"href":"https:\/\/www.biurounico.pl\/index.php\/wp-json\/wp\/v2\/pages\/74","targetHints":{"allow":["GET"]}}],"collection":[{"href":"https:\/\/www.biurounico.pl\/index.php\/wp-json\/wp\/v2\/pages"}],"about":[{"href":"https:\/\/www.biurounico.pl\/index.php\/wp-json\/wp\/v2\/types\/page"}],"author":[{"embeddable":true,"href":"https:\/\/www.biurounico.pl\/index.php\/wp-json\/wp\/v2\/users\/1"}],"replies":[{"embeddable":true,"href":"https:\/\/www.biurounico.pl\/index.php\/wp-json\/wp\/v2\/comments?post=74"}],"version-history":[{"count":5,"href":"https:\/\/www.biurounico.pl\/index.php\/wp-json\/wp\/v2\/pages\/74\/revisions"}],"predecessor-version":[{"id":181,"href":"https:\/\/www.biurounico.pl\/index.php\/wp-json\/wp\/v2\/pages\/74\/revisions\/181"}],"wp:attachment":[{"href":"https:\/\/www.biurounico.pl\/index.php\/wp-json\/wp\/v2\/media?parent=74"}],"curies":[{"name":"wp","href":"https:\/\/api.w.org\/{rel}","templated":true}]}}