{"id":70,"date":"2021-08-06T22:19:02","date_gmt":"2021-08-06T22:19:02","guid":{"rendered":"https:\/\/biurounico.pl\/?page_id=70"},"modified":"2022-02-17T20:07:46","modified_gmt":"2022-02-17T20:07:46","slug":"o-nas","status":"publish","type":"page","link":"https:\/\/www.biurounico.pl\/index.php\/o-nas\/","title":{"rendered":"O nas"},"content":{"rendered":"<h4><strong>Biuro rachunkowe Warszawa \u2013 Us\u0142ugi ksi\u0119gowe i podatkowe<\/strong><\/h4>\n<p>Proponowana przez nas oferta obejmuje pe\u0142n\u0105 obs\u0142ug\u0119 ksi\u0119gow\u0105 firm (ewidencjonowanie zdarze\u0144 gospodarczych, rozliczanie transakcji mi\u0119dzynarodowych, sk\u0142adanie deklaracji podatkowych, naliczanie p\u0142ac i obs\u0142uga zg\u0142oszeniowa ZUS, sporz\u0105dzanie sprawozda\u0144 finansowych i zezna\u0144 podatkowych).<br \/>\nSkierowana jest do wszystkich os\u00f3b prowadz\u0105cych dzia\u0142alno\u015b\u0107 gospodarcz\u0105 bez wzgl\u0119du na form\u0119 prawn\u0105, kt\u00f3rzy wol\u0105 skupi\u0107 si\u0119 na rozwoju w\u0142asnego biznesu, ni\u017c na \u015bledzeniu coraz szybciej zmieniaj\u0105cych si\u0119 przepis\u00f3w podatkowych.<\/p>\n<h4><strong>Biuro ksi\u0119gowe UNICO:<\/strong><\/h4>\n<ul>\n<li>gwarantuje profesjonaln\u0105 obs\u0142ug\u0119, zaanga\u017cowanie i rzetelno\u015b\u0107,<\/li>\n<li>zapewnia ca\u0142kowit\u0105 poufno\u015b\u0107 wszelkich informacji,<\/li>\n<li>posiada niezb\u0119dn\u0105 wiedz\u0119 i do\u015bwiadczenie do us\u0142ugowego prowadzenia ksi\u0105g rachunkowych,<\/li>\n<li>podlega obowi\u0105zkowemu ubezpieczeniu OC z tytu\u0142u us\u0142ugowego prowadzenia ksi\u0105g rachunkowych.<\/li>\n<\/ul>\n<p>Do obs\u0142ugi naszych Klient\u00f3w wykorzystujemy wiod\u0105ce na rynku oprogramowanie COMARCH ERP OPTIMA.<\/p>\n<p><strong>DZI\u0118KUJEMY ZA PO\u015aWI\u0118CONY CZAS i ZAPRASZAMY DO WSP\u00d3\u0141PRACY.<\/strong><\/p>\n","protected":false},"excerpt":{"rendered":"<p>Biuro rachunkowe Warszawa \u2013 Us\u0142ugi ksi\u0119gowe i podatkowe Proponowana przez nas oferta obejmuje pe\u0142n\u0105 obs\u0142ug\u0119 ksi\u0119gow\u0105 firm (ewidencjonowanie zdarze\u0144 gospodarczych, rozliczanie transakcji mi\u0119dzynarodowych, sk\u0142adanie deklaracji podatkowych, naliczanie p\u0142ac i obs\u0142uga &#8230;<\/p>\n","protected":false},"author":1,"featured_media":0,"parent":0,"menu_order":0,"comment_status":"closed","ping_status":"closed","template":"","meta":{"footnotes":""},"class_list":["post-70","page","type-page","status-publish","hentry"],"_links":{"self":[{"href":"https:\/\/www.biurounico.pl\/index.php\/wp-json\/wp\/v2\/pages\/70","targetHints":{"allow":["GET"]}}],"collection":[{"href":"https:\/\/www.biurounico.pl\/index.php\/wp-json\/wp\/v2\/pages"}],"about":[{"href":"https:\/\/www.biurounico.pl\/index.php\/wp-json\/wp\/v2\/types\/page"}],"author":[{"embeddable":true,"href":"https:\/\/www.biurounico.pl\/index.php\/wp-json\/wp\/v2\/users\/1"}],"replies":[{"embeddable":true,"href":"https:\/\/www.biurounico.pl\/index.php\/wp-json\/wp\/v2\/comments?post=70"}],"version-history":[{"count":5,"href":"https:\/\/www.biurounico.pl\/index.php\/wp-json\/wp\/v2\/pages\/70\/revisions"}],"predecessor-version":[{"id":188,"href":"https:\/\/www.biurounico.pl\/index.php\/wp-json\/wp\/v2\/pages\/70\/revisions\/188"}],"wp:attachment":[{"href":"https:\/\/www.biurounico.pl\/index.php\/wp-json\/wp\/v2\/media?parent=70"}],"curies":[{"name":"wp","href":"https:\/\/api.w.org\/{rel}","templated":true}]}}