{"id":68,"date":"2021-08-06T22:18:48","date_gmt":"2021-08-06T22:18:48","guid":{"rendered":"https:\/\/biurounico.pl\/?page_id=68"},"modified":"2021-08-07T17:49:28","modified_gmt":"2021-08-07T17:49:28","slug":"jak-zaczac","status":"publish","type":"page","link":"https:\/\/www.biurounico.pl\/index.php\/jak-zaczac\/","title":{"rendered":"Jak zacz\u0105\u0107?"},"content":{"rendered":"<h5><strong>Etapy podj\u0119cia wsp\u00f3\u0142pracy:<\/strong><\/h5>\n<ol>\n<li>Um\u00f3wienie spotkania.<\/li>\n<li>Przedstawienie potrzeb w zakresie prowadzenia lub rozpocz\u0119cia dzia\u0142alno\u015bci.<\/li>\n<li>Przygotowanie oferty na prowadzenie us\u0142ug ksi\u0119gowych.<\/li>\n<li>Podpisanie umowy.<\/li>\n<li>Rejestracja\/ aktualizacja zmian w zwi\u0105zku z podj\u0119ciem wsp\u00f3\u0142pracy.<\/li>\n<li>Sta\u0142a obs\u0142uga ksi\u0119gowa i wsparcie w bie\u017c\u0105cej dzia\u0142alno\u015bci.<\/li>\n<\/ol>\n","protected":false},"excerpt":{"rendered":"<p>Etapy podj\u0119cia wsp\u00f3\u0142pracy: Um\u00f3wienie spotkania. Przedstawienie potrzeb w zakresie prowadzenia lub rozpocz\u0119cia dzia\u0142alno\u015bci. Przygotowanie oferty na prowadzenie us\u0142ug ksi\u0119gowych. Podpisanie umowy. Rejestracja\/ aktualizacja zmian w zwi\u0105zku z podj\u0119ciem wsp\u00f3\u0142pracy. Sta\u0142a &#8230;<\/p>\n","protected":false},"author":1,"featured_media":0,"parent":0,"menu_order":0,"comment_status":"closed","ping_status":"closed","template":"","meta":{"footnotes":""},"class_list":["post-68","page","type-page","status-publish","hentry"],"_links":{"self":[{"href":"https:\/\/www.biurounico.pl\/index.php\/wp-json\/wp\/v2\/pages\/68","targetHints":{"allow":["GET"]}}],"collection":[{"href":"https:\/\/www.biurounico.pl\/index.php\/wp-json\/wp\/v2\/pages"}],"about":[{"href":"https:\/\/www.biurounico.pl\/index.php\/wp-json\/wp\/v2\/types\/page"}],"author":[{"embeddable":true,"href":"https:\/\/www.biurounico.pl\/index.php\/wp-json\/wp\/v2\/users\/1"}],"replies":[{"embeddable":true,"href":"https:\/\/www.biurounico.pl\/index.php\/wp-json\/wp\/v2\/comments?post=68"}],"version-history":[{"count":4,"href":"https:\/\/www.biurounico.pl\/index.php\/wp-json\/wp\/v2\/pages\/68\/revisions"}],"predecessor-version":[{"id":132,"href":"https:\/\/www.biurounico.pl\/index.php\/wp-json\/wp\/v2\/pages\/68\/revisions\/132"}],"wp:attachment":[{"href":"https:\/\/www.biurounico.pl\/index.php\/wp-json\/wp\/v2\/media?parent=68"}],"curies":[{"name":"wp","href":"https:\/\/api.w.org\/{rel}","templated":true}]}}