{"id":136,"date":"2021-08-07T17:57:53","date_gmt":"2021-08-07T17:57:53","guid":{"rendered":"https:\/\/biurounico.pl\/?page_id=136"},"modified":"2021-08-07T19:02:53","modified_gmt":"2021-08-07T19:02:53","slug":"ksiegowosc","status":"publish","type":"page","link":"https:\/\/www.biurounico.pl\/index.php\/ksiegowosc\/","title":{"rendered":"Ksi\u0119gowo\u015b\u0107"},"content":{"rendered":"<p><strong>Ksi\u0119ga Przychod\u00f3w i Rozchod\u00f3w (KPiR)<\/strong><\/p>\n<ul>\n<li>Ewidencja operacji gospodarczych.<\/li>\n<li>Sporz\u0105dzanie deklaracji podatkowych oraz przekazywanie ich do US.<\/li>\n<li>Prowadzenie ewidencji \u015brodk\u00f3w trwa\u0142ych, warto\u015bci niematerialnych i prawnych oraz ewidencji wyposa\u017cenia.<\/li>\n<li>Sporz\u0105dzanie rozlicze\u0144 rocznych.<\/li>\n<\/ul>\n<p><strong>Ksi\u0119gi Handlowe (KH)<\/strong><\/p>\n<ul>\n<li>Opracowanie i modyfikacja zak\u0142adowego planu kont.<\/li>\n<li>Ewidencjonowanie operacji gospodarczych.<\/li>\n<li>Sporz\u0105dzanie deklaracji podatkowych oraz przekazywanie ich do US.<\/li>\n<li>Rozliczanie transakcji wewn\u0105trzwsp\u00f3lnotowych WNT i WDT oraz sporz\u0105dzanie deklaracji VAT UE.<\/li>\n<li>Rozliczanie transakcji transgranicznych: import\/export towar\u00f3w\/us\u0142ug.<\/li>\n<li>Ewidencja \u015brodk\u00f3w trwa\u0142ych, warto\u015bci niematerialnych i prawnych.<\/li>\n<li>Sporz\u0105dzanie bilans\u00f3w okresowych na potrzeby banku i innych instytucji.<\/li>\n<li>Sporz\u0105dzanie zezna\u0144 rocznych na podstawie danych wynikaj\u0105cych z wpis\u00f3w do ksi\u0105g.<\/li>\n<li>Zamkni\u0119cie roku obrachunkowego jednostki pod k\u0105tem podatkowym i rachunkowym.<\/li>\n<li>Sporz\u0105dzenie bilansu, rachunku zysk\u00f3w i strat, zestawienia zmian w kapitale w\u0142asnym, rachunku przep\u0142yw\u00f3w pieni\u0119\u017cnych oraz informacji dodatkowej.<\/li>\n<li>Monitoring nale\u017cno\u015bci i zobowi\u0105za\u0144.<\/li>\n<li>Przygotowywanie zestawie\u0144 niezb\u0119dnych w zarz\u0105dzaniu jednostk\u0105 dla potrzeb Zarz\u0105du.<\/li>\n<\/ul>\n<p><strong>Rycza\u0142t<\/strong><\/p>\n<ul>\n<li>Miesi\u0119czne naliczanie podatku.<\/li>\n<li>Ewidencja dla potrzeb podatku VAT.<\/li>\n<li>Sporz\u0105dzanie rozlicze\u0144 rocznych.<\/li>\n<\/ul>\n","protected":false},"excerpt":{"rendered":"<p>Ksi\u0119ga Przychod\u00f3w i Rozchod\u00f3w (KPiR) Ewidencja operacji gospodarczych. Sporz\u0105dzanie deklaracji podatkowych oraz przekazywanie ich do US. Prowadzenie ewidencji \u015brodk\u00f3w trwa\u0142ych, warto\u015bci niematerialnych i prawnych oraz ewidencji wyposa\u017cenia. Sporz\u0105dzanie rozlicze\u0144 rocznych. &#8230;<\/p>\n","protected":false},"author":1,"featured_media":0,"parent":0,"menu_order":0,"comment_status":"closed","ping_status":"closed","template":"","meta":{"footnotes":""},"class_list":["post-136","page","type-page","status-publish","hentry"],"_links":{"self":[{"href":"https:\/\/www.biurounico.pl\/index.php\/wp-json\/wp\/v2\/pages\/136","targetHints":{"allow":["GET"]}}],"collection":[{"href":"https:\/\/www.biurounico.pl\/index.php\/wp-json\/wp\/v2\/pages"}],"about":[{"href":"https:\/\/www.biurounico.pl\/index.php\/wp-json\/wp\/v2\/types\/page"}],"author":[{"embeddable":true,"href":"https:\/\/www.biurounico.pl\/index.php\/wp-json\/wp\/v2\/users\/1"}],"replies":[{"embeddable":true,"href":"https:\/\/www.biurounico.pl\/index.php\/wp-json\/wp\/v2\/comments?post=136"}],"version-history":[{"count":2,"href":"https:\/\/www.biurounico.pl\/index.php\/wp-json\/wp\/v2\/pages\/136\/revisions"}],"predecessor-version":[{"id":172,"href":"https:\/\/www.biurounico.pl\/index.php\/wp-json\/wp\/v2\/pages\/136\/revisions\/172"}],"wp:attachment":[{"href":"https:\/\/www.biurounico.pl\/index.php\/wp-json\/wp\/v2\/media?parent=136"}],"curies":[{"name":"wp","href":"https:\/\/api.w.org\/{rel}","templated":true}]}}